{"id":749,"date":"2026-04-12T15:09:25","date_gmt":"2026-04-12T15:09:25","guid":{"rendered":"https:\/\/picsbyleonie.com\/?page_id=749"},"modified":"2026-04-13T20:40:52","modified_gmt":"2026-04-13T20:40:52","slug":"menschen-emotionen","status":"publish","type":"page","link":"https:\/\/picsbyleonie.com\/?page_id=749","title":{"rendered":"Menschen &amp; Emotionen"},"content":{"rendered":"\n<h3 class=\"wp-block-heading has-text-align-center has-text-color has-link-color wp-elements-b67e8269e5d1b259fe30d4e75524342d\" style=\"color:#222222\">Menschen &amp; Emotionen &#8211; echte Augenblicke voller Gef\u00fchl<\/h3>\n\n\n\n<div style=\"height:29px\" aria-hidden=\"true\" class=\"wp-block-spacer\"><\/div>\n\n\n<div class=\"wp-block-image animated fadeInDown slow\">\n<figure class=\"aligncenter size-large\"><img loading=\"lazy\" decoding=\"async\" width=\"1024\" height=\"768\" src=\"https:\/\/picsbyleonie.com\/wp-content\/uploads\/2026\/04\/DSC_0779-fertig-edited-1024x768.jpg\" alt=\"\" class=\"wp-image-824\" srcset=\"https:\/\/picsbyleonie.com\/wp-content\/uploads\/2026\/04\/DSC_0779-fertig-edited-1024x768.jpg 1024w, https:\/\/picsbyleonie.com\/wp-content\/uploads\/2026\/04\/DSC_0779-fertig-edited-300x225.jpg 300w, https:\/\/picsbyleonie.com\/wp-content\/uploads\/2026\/04\/DSC_0779-fertig-edited-768x576.jpg 768w, https:\/\/picsbyleonie.com\/wp-content\/uploads\/2026\/04\/DSC_0779-fertig-edited-1536x1153.jpg 1536w, https:\/\/picsbyleonie.com\/wp-content\/uploads\/2026\/04\/DSC_0779-fertig-edited-2048x1537.jpg 2048w\" sizes=\"auto, (max-width: 1024px) 100vw, 1024px\" \/><\/figure>\n<\/div>\n\n\n<div style=\"height:30px\" aria-hidden=\"true\" class=\"wp-block-spacer\"><\/div>\n\n\n\n<div class=\"wp-block-buttons is-content-justification-center is-layout-flex wp-container-core-buttons-is-layout-16018d1d wp-block-buttons-is-layout-flex\">\n<div class=\"wp-block-button is-style-fill\"><a class=\"wp-block-button__link has-white-color has-text-color has-link-color wp-element-button\" href=\"https:\/\/picsbyleonie.com\/#kontakt\">Shooting anfragen<\/a><\/div>\n<\/div>\n\n\n\n<div style=\"height:29px\" aria-hidden=\"true\" class=\"wp-block-spacer\"><\/div>\n\n\n\n<h4 class=\"wp-block-heading has-text-align-center has-text-color has-link-color wp-elements-160610cb189ae5bd6e86ed1703054b41\" style=\"color:#222222\">Manche Momente brauchen nicht viele Worte &#8211; nur ein echtes Gef\u00fchl.<br>Ich halte euch nicht einfach nur fest, sondern so, wie ihr wirklich seid: nat\u00fcrlich, nah und voller Emotionen.<\/h4>\n\n\n\n<div style=\"height:30px\" aria-hidden=\"true\" class=\"wp-block-spacer\"><\/div>\n\n\n\n<div class=\"wp-block-buttons is-content-justification-center is-layout-flex wp-container-core-buttons-is-layout-16018d1d wp-block-buttons-is-layout-flex\">\n<div class=\"wp-block-button\"><a class=\"wp-block-button__link has-white-color has-text-color has-link-color wp-element-button\">Preise<\/a><\/div>\n<\/div>\n\n\n\n<div style=\"height:29px\" aria-hidden=\"true\" class=\"wp-block-spacer\"><\/div>\n\n\n\n<figure class=\"wp-block-gallery aligncenter has-nested-images columns-default is-cropped wp-block-gallery-1 is-layout-flex wp-block-gallery-is-layout-flex\">\n<figure class=\"wp-block-image size-large animated fadeInDown slow\"><img loading=\"lazy\" decoding=\"async\" width=\"683\" height=\"1024\" data-id=\"803\" src=\"https:\/\/picsbyleonie.com\/wp-content\/uploads\/2026\/04\/JulianeEvelyn-114-1-683x1024.jpg\" alt=\"\" class=\"wp-image-803\" srcset=\"https:\/\/picsbyleonie.com\/wp-content\/uploads\/2026\/04\/JulianeEvelyn-114-1-683x1024.jpg 683w, https:\/\/picsbyleonie.com\/wp-content\/uploads\/2026\/04\/JulianeEvelyn-114-1-200x300.jpg 200w, https:\/\/picsbyleonie.com\/wp-content\/uploads\/2026\/04\/JulianeEvelyn-114-1-768x1152.jpg 768w, https:\/\/picsbyleonie.com\/wp-content\/uploads\/2026\/04\/JulianeEvelyn-114-1-1024x1536.jpg 1024w, https:\/\/picsbyleonie.com\/wp-content\/uploads\/2026\/04\/JulianeEvelyn-114-1-1365x2048.jpg 1365w, https:\/\/picsbyleonie.com\/wp-content\/uploads\/2026\/04\/JulianeEvelyn-114-1-scaled.jpg 1707w\" sizes=\"auto, (max-width: 683px) 100vw, 683px\" \/><\/figure>\n\n\n\n<figure class=\"wp-block-image size-large animated fadeInDown slow\"><img loading=\"lazy\" decoding=\"async\" width=\"683\" height=\"1024\" data-id=\"547\" src=\"https:\/\/picsbyleonie.com\/wp-content\/uploads\/2026\/04\/Taufe_FIONA-181-683x1024.jpg\" alt=\"\" class=\"wp-image-547\" srcset=\"https:\/\/picsbyleonie.com\/wp-content\/uploads\/2026\/04\/Taufe_FIONA-181-683x1024.jpg 683w, https:\/\/picsbyleonie.com\/wp-content\/uploads\/2026\/04\/Taufe_FIONA-181-200x300.jpg 200w, https:\/\/picsbyleonie.com\/wp-content\/uploads\/2026\/04\/Taufe_FIONA-181-768x1152.jpg 768w, https:\/\/picsbyleonie.com\/wp-content\/uploads\/2026\/04\/Taufe_FIONA-181-1024x1536.jpg 1024w, https:\/\/picsbyleonie.com\/wp-content\/uploads\/2026\/04\/Taufe_FIONA-181-1365x2048.jpg 1365w, https:\/\/picsbyleonie.com\/wp-content\/uploads\/2026\/04\/Taufe_FIONA-181-scaled.jpg 1707w\" sizes=\"auto, (max-width: 683px) 100vw, 683px\" \/><\/figure>\n\n\n\n<figure class=\"wp-block-image size-large animated fadeInLeft slow\"><img loading=\"lazy\" decoding=\"async\" width=\"683\" height=\"1024\" data-id=\"802\" src=\"https:\/\/picsbyleonie.com\/wp-content\/uploads\/2026\/04\/JulianeEvelyn-123-1-683x1024.jpg\" alt=\"\" class=\"wp-image-802\" srcset=\"https:\/\/picsbyleonie.com\/wp-content\/uploads\/2026\/04\/JulianeEvelyn-123-1-683x1024.jpg 683w, https:\/\/picsbyleonie.com\/wp-content\/uploads\/2026\/04\/JulianeEvelyn-123-1-200x300.jpg 200w, https:\/\/picsbyleonie.com\/wp-content\/uploads\/2026\/04\/JulianeEvelyn-123-1-768x1152.jpg 768w, https:\/\/picsbyleonie.com\/wp-content\/uploads\/2026\/04\/JulianeEvelyn-123-1-1024x1536.jpg 1024w, https:\/\/picsbyleonie.com\/wp-content\/uploads\/2026\/04\/JulianeEvelyn-123-1-1365x2048.jpg 1365w, https:\/\/picsbyleonie.com\/wp-content\/uploads\/2026\/04\/JulianeEvelyn-123-1-scaled.jpg 1707w\" sizes=\"auto, (max-width: 683px) 100vw, 683px\" \/><\/figure>\n\n\n\n<figure class=\"wp-block-image size-large animated fadeInRight slow\"><img loading=\"lazy\" decoding=\"async\" width=\"682\" height=\"1024\" data-id=\"805\" src=\"https:\/\/picsbyleonie.com\/wp-content\/uploads\/2026\/04\/DSC_2412-1-682x1024.jpg\" alt=\"\" class=\"wp-image-805\" srcset=\"https:\/\/picsbyleonie.com\/wp-content\/uploads\/2026\/04\/DSC_2412-1-682x1024.jpg 682w, https:\/\/picsbyleonie.com\/wp-content\/uploads\/2026\/04\/DSC_2412-1-200x300.jpg 200w, https:\/\/picsbyleonie.com\/wp-content\/uploads\/2026\/04\/DSC_2412-1-768x1152.jpg 768w, https:\/\/picsbyleonie.com\/wp-content\/uploads\/2026\/04\/DSC_2412-1-1024x1536.jpg 1024w, https:\/\/picsbyleonie.com\/wp-content\/uploads\/2026\/04\/DSC_2412-1-1365x2048.jpg 1365w, https:\/\/picsbyleonie.com\/wp-content\/uploads\/2026\/04\/DSC_2412-1-scaled.jpg 1706w\" sizes=\"auto, (max-width: 682px) 100vw, 682px\" \/><\/figure>\n\n\n\n<figure class=\"wp-block-image size-large animated fadeInUp slow\"><img loading=\"lazy\" decoding=\"async\" width=\"659\" height=\"1024\" data-id=\"327\" src=\"https:\/\/picsbyleonie.com\/wp-content\/uploads\/2023\/06\/DSC_5926-sw-659x1024.jpg\" alt=\"\" class=\"wp-image-327\" srcset=\"https:\/\/picsbyleonie.com\/wp-content\/uploads\/2023\/06\/DSC_5926-sw-659x1024.jpg 659w, https:\/\/picsbyleonie.com\/wp-content\/uploads\/2023\/06\/DSC_5926-sw-193x300.jpg 193w, https:\/\/picsbyleonie.com\/wp-content\/uploads\/2023\/06\/DSC_5926-sw-768x1193.jpg 768w, https:\/\/picsbyleonie.com\/wp-content\/uploads\/2023\/06\/DSC_5926-sw-989x1536.jpg 989w, https:\/\/picsbyleonie.com\/wp-content\/uploads\/2023\/06\/DSC_5926-sw-1318x2048.jpg 1318w, https:\/\/picsbyleonie.com\/wp-content\/uploads\/2023\/06\/DSC_5926-sw-scaled.jpg 1648w\" sizes=\"auto, (max-width: 659px) 100vw, 659px\" \/><\/figure>\n\n\n\n<figure class=\"wp-block-image size-large animated fadeInUp slow\"><img loading=\"lazy\" decoding=\"async\" width=\"683\" height=\"1024\" data-id=\"816\" src=\"https:\/\/picsbyleonie.com\/wp-content\/uploads\/2026\/04\/DSC_5723-683x1024.jpg\" alt=\"\" class=\"wp-image-816\" srcset=\"https:\/\/picsbyleonie.com\/wp-content\/uploads\/2026\/04\/DSC_5723-683x1024.jpg 683w, https:\/\/picsbyleonie.com\/wp-content\/uploads\/2026\/04\/DSC_5723-200x300.jpg 200w, https:\/\/picsbyleonie.com\/wp-content\/uploads\/2026\/04\/DSC_5723-768x1152.jpg 768w, https:\/\/picsbyleonie.com\/wp-content\/uploads\/2026\/04\/DSC_5723-1024x1536.jpg 1024w, https:\/\/picsbyleonie.com\/wp-content\/uploads\/2026\/04\/DSC_5723-1365x2048.jpg 1365w, https:\/\/picsbyleonie.com\/wp-content\/uploads\/2026\/04\/DSC_5723-scaled.jpg 1706w\" sizes=\"auto, (max-width: 683px) 100vw, 683px\" \/><\/figure>\n<\/figure>\n\n\n\n<div style=\"height:30px\" aria-hidden=\"true\" class=\"wp-block-spacer\"><\/div>\n\n\n\n<h4 class=\"wp-block-heading has-text-align-center has-text-color has-link-color wp-elements-95c52dcfa9df58bbfd349b4f3baf30bc\" style=\"color:#222222\">Ob alleine, als Paar oder mit einem Herzensmenschen &#8211; ich m\u00f6chte Bilder schaffen, die sich nach euch anf\u00fchlen. <\/h4>\n\n\n\n<h4 class=\"wp-block-heading has-text-align-center\"><strong>Ich freue mich auf eure Anfrage<\/strong><\/h4>\n\n\n\n<h2 class=\"wp-block-heading has-text-align-center has-text-color has-link-color wp-elements-7c049ca1ab2fdb77ad904d3ce25489fa\" style=\"color:#222222\"><strong>So l\u00e4uft dein Shooting ab<\/strong><\/h2>\n\n\n\n<h3 class=\"wp-block-heading has-text-align-center has-text-color has-link-color wp-elements-cb6ddda93bfbaf498196ee05e1448213\" style=\"color:#222222\">1. Deine Anfrage<\/h3>\n\n\n\n<h4 class=\"wp-block-heading has-text-align-center has-text-color has-link-color wp-elements-5576f34abd991006f95f3c501b5d79ad\" style=\"color:#222222\">Wir planen gemeinsam ein Shooting, das perfekt zu dir passt.<\/h4>\n\n\n\n<h3 class=\"wp-block-heading has-text-align-center has-text-color has-link-color wp-elements-b00e7c1aa628d477c6b7f1a33502e9b9\" style=\"color:#222222\">2. Das Shooting<\/h3>\n\n\n\n<h5 class=\"wp-block-heading has-text-align-center has-text-color has-link-color wp-elements-916fb450737d3c119a712f295a416635\" style=\"color:#222222\">Ganz ohne Druck entstehen nat\u00fcrliche, ehrliche Momente \u2013 so wie du wirklich bist.<\/h5>\n\n\n\n<h3 class=\"wp-block-heading has-text-align-center has-text-color has-link-color wp-elements-c92b0eba863d02892d1e78c8d48d3f41\" style=\"color:#222222\">3. Bearbeitung<\/h3>\n\n\n\n<h5 class=\"wp-block-heading has-text-align-center has-text-color has-link-color wp-elements-f22c8b3bdf85e90db9d013803d244de7\" style=\"color:#222222\">Ich veredle deine Bilder mit viel Liebe \u2013 nat\u00fcrlich, zeitlos und echt.<\/h5>\n\n\n\n<h3 class=\"wp-block-heading has-text-align-center has-text-color has-link-color wp-elements-cc4b52ba5b84070e84b09fcfd2f31b49\" style=\"color:#222222\">4. Deine Erinnerungen<\/h3>\n\n\n\n<h5 class=\"wp-block-heading has-text-align-center has-text-color has-link-color wp-elements-6814624633f376181ef21522101b759d\" style=\"color:#222222\">Deine fertigen Bilder bleiben als echte Erinnerungen f\u00fcr immer.<\/h5>\n\n\n\n<div style=\"height:31px\" aria-hidden=\"true\" class=\"wp-block-spacer\"><\/div>\n\n\n\n<div class=\"wp-block-buttons has-white-background-color has-background is-content-justification-center is-layout-flex wp-container-core-buttons-is-layout-16018d1d wp-block-buttons-is-layout-flex\">\n<div class=\"wp-block-button\"><a class=\"wp-block-button__link wp-element-button\" href=\"https:\/\/picsbyleonie.com\/#kontakt\">Termin sichern<\/a><\/div>\n<\/div>\n\n\n\n<div style=\"height:51px\" aria-hidden=\"true\" class=\"wp-block-spacer\"><\/div>\n\n\n\n<ul class=\"wp-block-social-links aligncenter has-normal-icon-size has-icon-color has-icon-background-color is-content-justification-center is-layout-flex wp-container-core-social-links-is-layout-16018d1d wp-block-social-links-is-layout-flex\"><li style=\"color:#ffffff;background-color:#2f86c7;\" class=\"wp-social-link wp-social-link-instagram has-white-color wp-block-social-link\"><a href=\"https:\/\/www.instagram.com\/pics.by.leonie\/\" class=\"wp-block-social-link-anchor\"><svg width=\"24\" height=\"24\" viewBox=\"0 0 24 24\" version=\"1.1\" xmlns=\"http:\/\/www.w3.org\/2000\/svg\" aria-hidden=\"true\" focusable=\"false\"><path d=\"M12,4.622c2.403,0,2.688,0.009,3.637,0.052c0.877,0.04,1.354,0.187,1.671,0.31c0.42,0.163,0.72,0.358,1.035,0.673 c0.315,0.315,0.51,0.615,0.673,1.035c0.123,0.317,0.27,0.794,0.31,1.671c0.043,0.949,0.052,1.234,0.052,3.637 s-0.009,2.688-0.052,3.637c-0.04,0.877-0.187,1.354-0.31,1.671c-0.163,0.42-0.358,0.72-0.673,1.035 c-0.315,0.315-0.615,0.51-1.035,0.673c-0.317,0.123-0.794,0.27-1.671,0.31c-0.949,0.043-1.233,0.052-3.637,0.052 s-2.688-0.009-3.637-0.052c-0.877-0.04-1.354-0.187-1.671-0.31c-0.42-0.163-0.72-0.358-1.035-0.673 c-0.315-0.315-0.51-0.615-0.673-1.035c-0.123-0.317-0.27-0.794-0.31-1.671C4.631,14.688,4.622,14.403,4.622,12 s0.009-2.688,0.052-3.637c0.04-0.877,0.187-1.354,0.31-1.671c0.163-0.42,0.358-0.72,0.673-1.035 c0.315-0.315,0.615-0.51,1.035-0.673c0.317-0.123,0.794-0.27,1.671-0.31C9.312,4.631,9.597,4.622,12,4.622 M12,3 C9.556,3,9.249,3.01,8.289,3.054C7.331,3.098,6.677,3.25,6.105,3.472C5.513,3.702,5.011,4.01,4.511,4.511 c-0.5,0.5-0.808,1.002-1.038,1.594C3.25,6.677,3.098,7.331,3.054,8.289C3.01,9.249,3,9.556,3,12c0,2.444,0.01,2.751,0.054,3.711 c0.044,0.958,0.196,1.612,0.418,2.185c0.23,0.592,0.538,1.094,1.038,1.594c0.5,0.5,1.002,0.808,1.594,1.038 c0.572,0.222,1.227,0.375,2.185,0.418C9.249,20.99,9.556,21,12,21s2.751-0.01,3.711-0.054c0.958-0.044,1.612-0.196,2.185-0.418 c0.592-0.23,1.094-0.538,1.594-1.038c0.5-0.5,0.808-1.002,1.038-1.594c0.222-0.572,0.375-1.227,0.418-2.185 C20.99,14.751,21,14.444,21,12s-0.01-2.751-0.054-3.711c-0.044-0.958-0.196-1.612-0.418-2.185c-0.23-0.592-0.538-1.094-1.038-1.594 c-0.5-0.5-1.002-0.808-1.594-1.038c-0.572-0.222-1.227-0.375-2.185-0.418C14.751,3.01,14.444,3,12,3L12,3z M12,7.378 c-2.552,0-4.622,2.069-4.622,4.622S9.448,16.622,12,16.622s4.622-2.069,4.622-4.622S14.552,7.378,12,7.378z M12,15 c-1.657,0-3-1.343-3-3s1.343-3,3-3s3,1.343,3,3S13.657,15,12,15z M16.804,6.116c-0.596,0-1.08,0.484-1.08,1.08 s0.484,1.08,1.08,1.08c0.596,0,1.08-0.484,1.08-1.08S17.401,6.116,16.804,6.116z\"><\/path><\/svg><span class=\"wp-block-social-link-label screen-reader-text\">Instagram<\/span><\/a><\/li>\n\n<li style=\"color:#ffffff;background-color:#2f86c7;\" class=\"wp-social-link wp-social-link-mail has-white-color wp-block-social-link\"><a href=\"mailto:info@picsbyleonie.com\" class=\"wp-block-social-link-anchor\"><svg width=\"24\" height=\"24\" viewBox=\"0 0 24 24\" version=\"1.1\" xmlns=\"http:\/\/www.w3.org\/2000\/svg\" aria-hidden=\"true\" focusable=\"false\"><path d=\"M19,5H5c-1.1,0-2,.9-2,2v10c0,1.1.9,2,2,2h14c1.1,0,2-.9,2-2V7c0-1.1-.9-2-2-2zm.5,12c0,.3-.2.5-.5.5H5c-.3,0-.5-.2-.5-.5V9.8l7.5,5.6,7.5-5.6V17zm0-9.1L12,13.6,4.5,7.9V7c0-.3.2-.5.5-.5h14c.3,0,.5.2.5.5v.9z\"><\/path><\/svg><span class=\"wp-block-social-link-label screen-reader-text\">E-Mail<\/span><\/a><\/li><\/ul>\n\n\n\n<p><\/p>\n","protected":false},"excerpt":{"rendered":"<p>Menschen &amp; Emotionen &#8211; echte Augenblicke voller Gef\u00fchl Manche Momente brauchen nicht viele Worte &#8211; nur ein echtes Gef\u00fchl.Ich halte euch nicht einfach nur fest, sondern so, wie ihr wirklich seid: nat\u00fcrlich, nah und voller Emotionen. Ob alleine, als Paar oder mit einem Herzensmenschen &#8211; &hellip; <a href=\"https:\/\/picsbyleonie.com\/?page_id=749\" class=\"more-link\"><span>Continue reading<span class=\"screen-reader-text\">Menschen &amp; Emotionen<\/span><\/span><\/a><\/p>\n","protected":false},"author":1,"featured_media":0,"parent":0,"menu_order":0,"comment_status":"closed","ping_status":"closed","template":"","meta":{"footnotes":""},"class_list":["post-749","page","type-page","status-publish","hentry"],"_links":{"self":[{"href":"https:\/\/picsbyleonie.com\/index.php?rest_route=\/wp\/v2\/pages\/749","targetHints":{"allow":["GET"]}}],"collection":[{"href":"https:\/\/picsbyleonie.com\/index.php?rest_route=\/wp\/v2\/pages"}],"about":[{"href":"https:\/\/picsbyleonie.com\/index.php?rest_route=\/wp\/v2\/types\/page"}],"author":[{"embeddable":true,"href":"https:\/\/picsbyleonie.com\/index.php?rest_route=\/wp\/v2\/users\/1"}],"replies":[{"embeddable":true,"href":"https:\/\/picsbyleonie.com\/index.php?rest_route=%2Fwp%2Fv2%2Fcomments&post=749"}],"version-history":[{"count":23,"href":"https:\/\/picsbyleonie.com\/index.php?rest_route=\/wp\/v2\/pages\/749\/revisions"}],"predecessor-version":[{"id":878,"href":"https:\/\/picsbyleonie.com\/index.php?rest_route=\/wp\/v2\/pages\/749\/revisions\/878"}],"wp:attachment":[{"href":"https:\/\/picsbyleonie.com\/index.php?rest_route=%2Fwp%2Fv2%2Fmedia&parent=749"}],"curies":[{"name":"wp","href":"https:\/\/api.w.org\/{rel}","templated":true}]}}